{"id":825,"date":"2020-01-31T22:02:44","date_gmt":"2020-01-31T22:02:44","guid":{"rendered":"https:\/\/lighthousehouston.com\/?page_id=825"},"modified":"2020-02-12T15:55:47","modified_gmt":"2020-02-12T15:55:47","slug":"testimonios","status":"publish","type":"page","link":"https:\/\/lighthousehouston.com\/en\/testimonios\/","title":{"rendered":"Testimonials"},"content":{"rendered":"<p>[vc_row][vc_column]<!-- BEGIN: .elements-carousel -->\n<div class=\"elements-carousel  \" data-config=\"{&quot;items&quot;:1,&quot;singleItem&quot;:true,&quot;autoPlay&quot;:5000,&quot;stopOnHover&quot;:true,&quot;mouseDrag&quot;:true,&quot;touchDrag&quot;:true,&quot;responsive&quot;:true,&quot;scrollPerPage&quot;:true,&quot;slideSpeed&quot;:200,&quot;paginationSpeed&quot;:200,&quot;rewindSpeed&quot;:200,&quot;navigation&quot;:true,&quot;rewindNav&quot;:true,&quot;pagination&quot;:true,&quot;paginationNumbers&quot;:false,&quot;dragBeforeAnimFinish&quot;:true,&quot;addClassActive&quot;:true,&quot;autoHeight&quot;:true,&quot;navigationText&quot;:[&quot;Previous&quot;,&quot;Next&quot;],&quot;itemsScaleUp&quot;:true}\">\n\t<div class=\"elements-carousel-wrap\">\n\t\t\n\t<div class=\"testimonial  has-image\">\n\t\t<div class=\"testimonial-content\">\n\t\t\t<h3 class=\"testimonial-author\">\n\t\t\t\t<span class=\"author-name\">\u200eAllister James<\/span>\n\t\t\t\t<span class=\"author-info\"><span class=\"subtitle\">USA<\/span><\/span>\n\t\t\t<\/h3>\n\t\t\t<blockquote>\n\t\t\t\t<p>Estamos agradecidos por el servicio, la calidad, la profesionalidad y la atenci\u00f3n que Lighthouse Medical Relocation brind\u00f3 a nuestra familia durante un per\u00edodo tan oportuno y sensible. Dante y su equipo fueron simplemente fant\u00e1sticos en todos los niveles al brindar servicios cr\u00edticos de atenci\u00f3n m\u00e9dica y reubicaci\u00f3n en Houston, Texas. Mil Gracias Dante!<\/p>\n\t\t\t<\/blockquote>\n\t\t<\/div>\n\t\t\n\t\t<div class=\"testimonial-image\">\n\t\t\t<img decoding=\"async\" src=\"https:\/\/lighthousehouston.com\/wp-content\/uploads\/2020\/01\/WhatsApp-Image-2020-02-06-at-7.55.43-AM.jpeg\" alt=\"\u200eAllister James\" \/>\n\t\t<\/div>\n\t\t<\/div>\n\n\t<div class=\"testimonial  has-image\">\n\t\t<div class=\"testimonial-content\">\n\t\t\t<h3 class=\"testimonial-author\">\n\t\t\t\t<span class=\"author-name\">Silvana Podest\u00e1<\/span>\n\t\t\t\t<span class=\"author-info\"><\/span>\n\t\t\t<\/h3>\n\t\t\t<blockquote>\n\t\t\t\t<p>En un momento que es s\u00faper complicado, buscamos a Dante para que nos ayude con todos los tr\u00e1mites y coordinaciones que son necesarias para poder acceder a la atenci\u00f3n en el MD Anderson y la verdad fue la mejor elecci\u00f3n. No solo por las interacciones con el hospital y la coordinaci\u00f3n del hospedaje, sino tambi\u00e9n por el apoyo emocional y humano, que hace que todo el proceso sea un poco m\u00e1s llevadero. Gracias por la dedicaci\u00f3n, estar siempre pendiente y la pasi\u00f3n que le pones a lo qu\u00e9 haces.<\/p>\n\t\t\t<\/blockquote>\n\t\t<\/div>\n\t\t\n\t\t<div class=\"testimonial-image\">\n\t\t\t<img decoding=\"async\" src=\"https:\/\/lighthousehouston.com\/wp-content\/uploads\/2020\/01\/Silvana-Podesta-lighthouse-houston.jpeg\" alt=\"Silvana Podest\u00e1\" \/>\n\t\t<\/div>\n\t\t<\/div>\n\n\t<div class=\"testimonial  has-image\">\n\t\t<div class=\"testimonial-content\">\n\t\t\t<h3 class=\"testimonial-author\">\n\t\t\t\t<span class=\"author-name\">Angella Sober\u00f3n<\/span>\n\t\t\t\t<span class=\"author-info\"><\/span>\n\t\t\t<\/h3>\n\t\t\t<blockquote>\n\t\t\t\t<p>Gracias a Lighthouse y en especial a Dante&#8230; luego de que pasaron ya unos meses de todo lo vivido no quer\u00eda que sigan pasando los d\u00edas sin agradecer INFINITO todo lo que hicieron por nosotros! Desde el aeropuerto hasta ya estando en Lima! Gracias por los buenos consejos, por tener todo listo a nuestra llegada, por siempre preocuparte&#8230;. s\u00e9 que seguir\u00e1s ayudando a muchas personas m\u00e1s!!! que suerte haber tenido la oportunidad de conocerte!!!<\/p>\n\t\t\t<\/blockquote>\n\t\t<\/div>\n\t\t\n\t\t<div class=\"testimonial-image\">\n\t\t\t<img decoding=\"async\" src=\"https:\/\/lighthousehouston.com\/wp-content\/uploads\/2020\/01\/Angela-Soberon-Lighthouse-houston.jpeg\" alt=\"Angella Sober\u00f3n\" \/>\n\t\t<\/div>\n\t\t<\/div>\n\n\t<div class=\"testimonial  has-image\">\n\t\t<div class=\"testimonial-content\">\n\t\t\t<h3 class=\"testimonial-author\">\n\t\t\t\t<span class=\"author-name\">Gustavo KL<\/span>\n\t\t\t\t<span class=\"author-info\"><span class=\"subtitle\">Per\u00fa<\/span><\/span>\n\t\t\t<\/h3>\n\t\t\t<blockquote>\n\t\t\t\t<p>En un momento dif\u00edcil que nos toc\u00f3 vivir como familia, Dante Prada y su empresa Lighthouse M R, estuvieron ah\u00ed para darnos la tranquilidad que todas la coordinaciones para nuestra estadia y atenci\u00f3n en el hospital en Houston se haga de la forma mas comodoa y efectiva posible, entregandonos la calma que requer\u00edamos para manejarnos en un escenario totalmente nuevo para nosotros y con el stress que genera atender la enfermedad de un miembro de nuestra familia. El apoyo integral\u00a0<span class=\"text_exposed_show\">y humano recibido por Dante, desde la busqueda de la cita medica, presentacion de documentos y patolog\u00eda hasta el alquiler del departamento y transporte desde el aeropuerto, hicieron que esta experencia sea mucho m\u00e1s llevadera. Estamos muy agradecidos con Dante y Lighthouse, definitivamente continuaremos apoyandonos en ellos en nuestras proximas visitas. Much\u00edsimas gracias Dante !<\/span><\/p>\n\t\t\t<\/blockquote>\n\t\t<\/div>\n\t\t\n\t\t<div class=\"testimonial-image\">\n\t\t\t<img decoding=\"async\" src=\"https:\/\/lighthousehouston.com\/wp-content\/uploads\/2020\/01\/Gustavo-KL-Lighthouse-houston.jpeg\" alt=\"Gustavo KL\" \/>\n\t\t<\/div>\n\t\t<\/div>\n\t<\/div>\n<\/div>\n<!-- END: .elements-carousel -->\n[\/vc_column][\/vc_row][vc_row][vc_column][vc_empty_space height=&#8221;50px&#8221;][\/vc_column][\/vc_row][vc_row][vc_column]<!-- BEGIN: .elements-carousel -->\n<div class=\"elements-carousel  \" data-config=\"{&quot;items&quot;:2,&quot;itemsTablet&quot;:[768,2],&quot;itemsMobile&quot;:[479,1],&quot;autoPlay&quot;:5000,&quot;stopOnHover&quot;:true,&quot;mouseDrag&quot;:true,&quot;touchDrag&quot;:true,&quot;responsive&quot;:true,&quot;scrollPerPage&quot;:true,&quot;slideSpeed&quot;:200,&quot;paginationSpeed&quot;:200,&quot;rewindSpeed&quot;:200,&quot;navigation&quot;:true,&quot;rewindNav&quot;:true,&quot;pagination&quot;:true,&quot;paginationNumbers&quot;:false,&quot;dragBeforeAnimFinish&quot;:true,&quot;addClassActive&quot;:true,&quot;autoHeight&quot;:true,&quot;navigationText&quot;:[&quot;Previous&quot;,&quot;Next&quot;],&quot;itemsScaleUp&quot;:true}\">\n\t<div class=\"elements-carousel-wrap\">\n\t\t\n\t<div class=\"testimonial \">\n\t\t<div class=\"testimonial-content\">\n\t\t\t<h3 class=\"testimonial-author\">\n\t\t\t\t<span class=\"author-name\">Shelby Schreiber<\/span>\n\t\t\t\t<span class=\"author-info\"><span class=\"subtitle\">Austin, Texas<\/span><\/span>\n\t\t\t<\/h3>\n\t\t\t<blockquote>\n\t\t\t\t<p>Dante has the biggest heart and now his professional passion is to help families in their greatest time of need. You will find no other man nor organization more honest, helpful and timely.<\/p>\n\t\t\t<\/blockquote>\n\t\t<\/div>\n\t\t\t<\/div>\n\n\t<div class=\"testimonial \">\n\t\t<div class=\"testimonial-content\">\n\t\t\t<h3 class=\"testimonial-author\">\n\t\t\t\t<span class=\"author-name\">Claudia Algaze<\/span>\n\t\t\t\t<span class=\"author-info\"><span class=\"subtitle\">Chile<\/span><\/span>\n\t\t\t<\/h3>\n\t\t\t<blockquote>\n\t\t\t\t<p>Dante nos ayud\u00f3 mucho en uno de los momentos m\u00e1s importantes de nuestra vida. No solamente con las cosas que ten\u00edamos que hacer c\u00f3mo organizar toda una casa arrendada que \u00edbamos a estar con nuestros ni\u00f1os por dos meses pero adem\u00e1s con la experiencia que el tuvo y apoyo moral!<\/p>\n\t\t\t<\/blockquote>\n\t\t<\/div>\n\t\t\t<\/div>\n\n\t<div class=\"testimonial \">\n\t\t<div class=\"testimonial-content\">\n\t\t\t<h3 class=\"testimonial-author\">\n\t\t\t\t<span class=\"author-name\">Silvana Podest\u00e1<\/span>\n\t\t\t\t<span class=\"author-info\"><span class=\"subtitle\">Per\u00fa<\/span><\/span>\n\t\t\t<\/h3>\n\t\t\t<blockquote>\n\t\t\t\t<p>Gracias Lighthouse Medical Relocation &#8211; Dante por tu amabilidad y rapidas respuestas a nuestras mil solicitudes en un proceso tan dificil como lo es ver a un ser querido pasar por tratamiento de cancer.<br \/>\nGracias por ayudarnos a conseguir un lugar donde mi mam\u00e1 se podia sentir comoda durante dos meses y por siempre estar atento a su progreso y a cualquier necesidad. Highly recommended!!!<\/p>\n\t\t\t<\/blockquote>\n\t\t<\/div>\n\t\t\t<\/div>\n\n\t<div class=\"testimonial \">\n\t\t<div class=\"testimonial-content\">\n\t\t\t<h3 class=\"testimonial-author\">\n\t\t\t\t<span class=\"author-name\">Tessa Ferrero<\/span>\n\t\t\t\t<span class=\"author-info\"><span class=\"subtitle\">Per\u00fa<\/span><\/span>\n\t\t\t<\/h3>\n\t\t\t<blockquote>\n\t\t\t\t<p>Muchas gracias a Dante, Fadia y su equipo de Lighthouse Medical Relocation por todo su apoyo en Houston! Ha sido b\u00e1sico para la familia. Tanto para orientarnos en la ciudad como con los procedimientos m\u00e9dicos y hospitalarios. La calidez y el cari\u00f1o que ponen a su servicio son muy especiales y apreciados por todos. Realmente han sido un gran apoyo en este proceso.<\/p>\n\t\t\t<\/blockquote>\n\t\t<\/div>\n\t\t\t<\/div>\n\n\t<div class=\"testimonial \">\n\t\t<div class=\"testimonial-content\">\n\t\t\t<h3 class=\"testimonial-author\">\n\t\t\t\t<span class=\"author-name\">Bernardo Franco<\/span>\n\t\t\t\t<span class=\"author-info\"><\/span>\n\t\t\t<\/h3>\n\t\t\t<blockquote>\n\t\t\t\t<p>El servicio de Lighthouse fue instrumental en el tratamiento para mi papa, Dante y su equipo nos dio mucha tranquilidad, ademas de presentarnos y organizar la log\u00edstica de citas con el doctor. Muy buen servicio.<\/p>\n\t\t\t<\/blockquote>\n\t\t<\/div>\n\t\t\t<\/div>\n\n\t<div class=\"testimonial \">\n\t\t<div class=\"testimonial-content\">\n\t\t\t<h3 class=\"testimonial-author\">\n\t\t\t\t<span class=\"author-name\">Paulina Kattan<\/span>\n\t\t\t\t<span class=\"author-info\"><span class=\"subtitle\">Guatemala<\/span><\/span>\n\t\t\t<\/h3>\n\t\t\t<blockquote>\n\t\t\t\t<p>Gracias Lighthouse Medical Relocation &#8211; Dante por tu amabilidad y rapidas respuestas a nuestras mil solicitudes en un proceso tan dificil como lo es ver a un ser querido pasar por tratamiento de cancer.<br \/>\nGracias por ayudarnos a conseguir un lugar donde mi mam\u00e1 se podia sentir comoda durante dos meses y por siempre estar atento a su progreso y a cualquier necesidad.<\/p>\n<p>Highly recommended!!!<\/p>\n\t\t\t<\/blockquote>\n\t\t<\/div>\n\t\t\t<\/div>\n\t<\/div>\n<\/div>\n<!-- END: .elements-carousel -->\n[\/vc_column][\/vc_row]<\/p>\n","protected":false},"excerpt":{"rendered":"<p>[vc_row][vc_column][\/vc_column][\/vc_row][vc_row][vc_column][vc_empty_space height=&#8221;50px&#8221;][\/vc_column][\/vc_row][vc_row][vc_column][\/vc_column][\/vc_row]<\/p>\n","protected":false},"author":2,"featured_media":0,"parent":0,"menu_order":0,"comment_status":"closed","ping_status":"closed","template":"","meta":{"footnotes":""},"class_list":["post-825","page","type-page","status-publish","hentry"],"_links":{"self":[{"href":"https:\/\/lighthousehouston.com\/en\/wp-json\/wp\/v2\/pages\/825","targetHints":{"allow":["GET"]}}],"collection":[{"href":"https:\/\/lighthousehouston.com\/en\/wp-json\/wp\/v2\/pages"}],"about":[{"href":"https:\/\/lighthousehouston.com\/en\/wp-json\/wp\/v2\/types\/page"}],"author":[{"embeddable":true,"href":"https:\/\/lighthousehouston.com\/en\/wp-json\/wp\/v2\/users\/2"}],"replies":[{"embeddable":true,"href":"https:\/\/lighthousehouston.com\/en\/wp-json\/wp\/v2\/comments?post=825"}],"version-history":[{"count":5,"href":"https:\/\/lighthousehouston.com\/en\/wp-json\/wp\/v2\/pages\/825\/revisions"}],"predecessor-version":[{"id":894,"href":"https:\/\/lighthousehouston.com\/en\/wp-json\/wp\/v2\/pages\/825\/revisions\/894"}],"wp:attachment":[{"href":"https:\/\/lighthousehouston.com\/en\/wp-json\/wp\/v2\/media?parent=825"}],"curies":[{"name":"wp","href":"https:\/\/api.w.org\/{rel}","templated":true}]}}